{"id":293,"date":"2023-11-15T17:54:17","date_gmt":"2023-11-15T16:54:17","guid":{"rendered":"https:\/\/alabellecrea.fr\/?page_id=293"},"modified":"2024-07-31T19:19:56","modified_gmt":"2024-07-31T17:19:56","slug":"secours-populaire-et-spa-actions-humanitaires-et-la-protection-animale","status":"publish","type":"page","link":"https:\/\/alabellecrea.fr\/?page_id=293","title":{"rendered":"Associations"},"content":{"rendered":"\t\t<div data-elementor-type=\"wp-page\" data-elementor-id=\"293\" class=\"elementor elementor-293\">\n\t\t\t\t<div class=\"elementor-element elementor-element-4d21581 e-flex e-con-boxed e-con e-parent\" data-id=\"4d21581\" data-element_type=\"container\">\n\t\t\t\t\t<div class=\"e-con-inner\">\n\t\t\t\t<div class=\"elementor-element elementor-element-385f846 elementor-widget elementor-widget-heading\" data-id=\"385f846\" data-element_type=\"widget\" data-widget_type=\"heading.default\">\n\t\t\t\t<div class=\"elementor-widget-container\">\n\t\t\t<style>\/*! elementor - v3.21.0 - 22-05-2024 *\/\n.elementor-heading-title{padding:0;margin:0;line-height:1}.elementor-widget-heading .elementor-heading-title[class*=elementor-size-]>a{color:inherit;font-size:inherit;line-height:inherit}.elementor-widget-heading .elementor-heading-title.elementor-size-small{font-size:15px}.elementor-widget-heading .elementor-heading-title.elementor-size-medium{font-size:19px}.elementor-widget-heading .elementor-heading-title.elementor-size-large{font-size:29px}.elementor-widget-heading .elementor-heading-title.elementor-size-xl{font-size:39px}.elementor-widget-heading .elementor-heading-title.elementor-size-xxl{font-size:59px}<\/style><h2 class=\"elementor-heading-title elementor-size-default\">Actions humanitaires et protection animale. Partagez l'amour, partagez l'espoir : Choisissez votre cause<\/h2>\t\t<\/div>\n\t\t\t\t<\/div>\n\t\t\t\t\t<\/div>\n\t\t\t\t<\/div>\n\t\t<div class=\"elementor-element elementor-element-f160e4c e-con-full e-flex e-con e-parent\" data-id=\"f160e4c\" data-element_type=\"container\">\n\t\t\t\t<div class=\"elementor-element elementor-element-580903c elementor-widget elementor-widget-text-editor\" data-id=\"580903c\" data-element_type=\"widget\" data-widget_type=\"text-editor.default\">\n\t\t\t\t<div class=\"elementor-widget-container\">\n\t\t\t<style>\/*! elementor - v3.21.0 - 22-05-2024 *\/\n.elementor-widget-text-editor.elementor-drop-cap-view-stacked .elementor-drop-cap{background-color:#69727d;color:#fff}.elementor-widget-text-editor.elementor-drop-cap-view-framed .elementor-drop-cap{color:#69727d;border:3px solid;background-color:transparent}.elementor-widget-text-editor:not(.elementor-drop-cap-view-default) .elementor-drop-cap{margin-top:8px}.elementor-widget-text-editor:not(.elementor-drop-cap-view-default) .elementor-drop-cap-letter{width:1em;height:1em}.elementor-widget-text-editor .elementor-drop-cap{float:left;text-align:center;line-height:1;font-size:50px}.elementor-widget-text-editor .elementor-drop-cap-letter{display:inline-block}<\/style>\t\t\t\t<p>\u00a0A La Belle cr\u00e9a, je crois en la puissance de la solidarit\u00e9 et du partage. Ainsi vous pourrez apporter un changement positif dans le monde qui nous entoure. C&#8217;est pourquoi je suis fi\u00e8re de vous donner l&#8217;opportunit\u00e9 de choisir une cause qui vous tient \u00e0 c\u0153ur. Les actions humanitaires ou la protection animale. Lorsque vous faites un achat sur notre site, vous pourrez opter pour l&#8217;une des deux associations suivantes. Ainsi je pourrais reverser un pourcentage de votre achat en fonction de votre choix.<\/p><p>Comment vous pouvez aider :<\/p><p><a href=\"https:\/\/alabellecrea.fr\/wp-admin\/post.php?post=717&amp;action=elementor\">https:\/\/alabellecrea.fr\/wp-admin\/post.php?post=717&amp;action=elementor<\/a><\/p>\t\t\t\t\t\t<\/div>\n\t\t\t\t<\/div>\n\t\t\t\t<\/div>\n\t\t<div class=\"elementor-element elementor-element-7cd2286 e-flex e-con-boxed e-con e-parent\" data-id=\"7cd2286\" data-element_type=\"container\">\n\t\t\t\t\t<div class=\"e-con-inner\">\n\t\t\t\t<div class=\"elementor-element elementor-element-2c84c2a elementor-widget elementor-widget-heading\" data-id=\"2c84c2a\" data-element_type=\"widget\" data-widget_type=\"heading.default\">\n\t\t\t\t<div class=\"elementor-widget-container\">\n\t\t\t<h2 class=\"elementor-heading-title elementor-size-default\"><a href=\"https:\/\/www.secourspopulaire.fr\/?gad_source=1&#038;gclid=CjwKCAiA2pyuBhBKEiwApLaIOx3FyRXGPvtJiDhQqLHRbNB-mA4B1PTOTtC9-VgXaL0hIennLPH7khoCEFUQAvD_BwE\">Action humanitaire Secours Populaire <\/a><\/h2>\t\t<\/div>\n\t\t\t\t<\/div>\n\t\t\t\t\t<\/div>\n\t\t\t\t<\/div>\n\t\t<div class=\"elementor-element elementor-element-19980a2 e-flex e-con-boxed e-con e-parent\" data-id=\"19980a2\" data-element_type=\"container\">\n\t\t\t\t\t<div class=\"e-con-inner\">\n\t\t<div class=\"elementor-element elementor-element-c6b4a09 e-con-full e-flex e-con e-child\" data-id=\"c6b4a09\" data-element_type=\"container\" data-settings=\"{&quot;background_background&quot;:&quot;classic&quot;}\">\n\t\t\t\t<div class=\"elementor-element elementor-element-b028aef elementor-widget elementor-widget-text-editor\" data-id=\"b028aef\" data-element_type=\"widget\" data-widget_type=\"text-editor.default\">\n\t\t\t\t<div class=\"elementor-widget-container\">\n\t\t\t\t\t\t\t<p><strong><u>Qu&#8217;est-ce que Le <a href=\"https:\/\/www.secourspopulaire.fr\/?gad_source=1&amp;gclid=CjwKCAiA2pyuBhBKEiwApLaIOx3FyRXGPvtJiDhQqLHRbNB-mA4B1PTOTtC9-VgXaL0hIennLPH7khoCEFUQAvD_BwE\">Secours Populaire<\/a><\/u><\/strong><strong> ?<\/strong><\/p><p>Fond\u00e9 en 1945, <strong>Le <a href=\"https:\/\/www.secourspopulaire.fr\/?gad_source=1&amp;gclid=CjwKCAiA2pyuBhBKEiwApLaIOx3FyRXGPvtJiDhQqLHRbNB-mA4B1PTOTtC9-VgXaL0hIennLPH7khoCEFUQAvD_BwE\">Secours Populaire<\/a><\/strong> est une organisation humanitaire reconnue qui \u0153uvre pour la solidarit\u00e9 et l&#8217;aide aux personnes en situation de pr\u00e9carit\u00e9. Gr\u00e2ce \u00e0 ses actions et \u00e0 ses projets, <strong>Le <a href=\"https:\/\/www.secourspopulaire.fr\/?gad_source=1&amp;gclid=CjwKCAiA2pyuBhBKEiwApLaIOx3FyRXGPvtJiDhQqLHRbNB-mA4B1PTOTtC9-VgXaL0hIennLPH7khoCEFUQAvD_BwE\">Secours Populaire<\/a><\/strong> apporte une assistance essentielle aux plus vuln\u00e9rables de notre soci\u00e9t\u00e9. Leur mission est de lutter contre la pauvret\u00e9, l&#8217;exclusion, et de promouvoir la solidarit\u00e9.<\/p><p><strong><u>Notre Engagement : Donner un Pourcentage pour l&#8217;Espoir<\/u><\/strong><\/p><p>Je crois que chaque achat peut avoir un impact positif. C&#8217;est pourquoi je m\u2019engage \u00e0 reverser un pourcentage de chaque vente \u00e0 l&#8217;association <strong>Le <a href=\"https:\/\/www.secourspopulaire.fr\/?gad_source=1&amp;gclid=CjwKCAiA2pyuBhBKEiwApLaIOx3FyRXGPvtJiDhQqLHRbNB-mA4B1PTOTtC9-VgXaL0hIennLPH7khoCEFUQAvD_BwE\">Secours Populaire<\/a><\/strong>. En achetant A La Belle Cr\u00e9a, vous contribuez directement \u00e0 soutenir les efforts de cette organisation humanitaire pour aider ceux qui en ont le plus besoin.<\/p><p><a href=\"https:\/\/www.secourspopulaire.fr\/?gad_source=1&amp;gclid=CjwKCAiA2pyuBhBKEiwApLaIOygL4z8L8vr_P60Tfv72WEcJkQhL7Ekg7X8b9_S6wXYYjwdRIqxYtRoCfycQAvD_BwE\">http:\/\/www.secourspopulaire.fr<\/a><\/p>\t\t\t\t\t\t<\/div>\n\t\t\t\t<\/div>\n\t\t\t\t<\/div>\n\t\t<div class=\"elementor-element elementor-element-8ba18d5 e-con-full e-flex e-con e-child\" data-id=\"8ba18d5\" data-element_type=\"container\">\n\t\t<div class=\"elementor-element elementor-element-923f2f8 e-flex e-con-boxed e-con e-child\" data-id=\"923f2f8\" data-element_type=\"container\">\n\t\t\t\t\t<div class=\"e-con-inner\">\n\t\t\t\t<div class=\"elementor-element elementor-element-df2ada9 elementor-widget elementor-widget-image\" data-id=\"df2ada9\" data-element_type=\"widget\" data-widget_type=\"image.default\">\n\t\t\t\t<div class=\"elementor-widget-container\">\n\t\t\t<style>\/*! elementor - v3.21.0 - 22-05-2024 *\/\n.elementor-widget-image{text-align:center}.elementor-widget-image a{display:inline-block}.elementor-widget-image a img[src$=\".svg\"]{width:48px}.elementor-widget-image img{vertical-align:middle;display:inline-block}<\/style>\t\t\t\t\t\t\t\t\t\t<img fetchpriority=\"high\" decoding=\"async\" width=\"800\" height=\"450\" src=\"https:\/\/alabellecrea.fr\/wp-content\/uploads\/2023\/11\/stand-secours-populaire.jpg\" class=\"attachment-large size-large wp-image-684\" alt=\"\" srcset=\"https:\/\/alabellecrea.fr\/wp-content\/uploads\/2023\/11\/stand-secours-populaire.jpg 960w, https:\/\/alabellecrea.fr\/wp-content\/uploads\/2023\/11\/stand-secours-populaire-300x169.jpg 300w, https:\/\/alabellecrea.fr\/wp-content\/uploads\/2023\/11\/stand-secours-populaire-768x432.jpg 768w\" sizes=\"(max-width: 800px) 100vw, 800px\" \/>\t\t\t\t\t\t\t\t\t\t\t\t\t<\/div>\n\t\t\t\t<\/div>\n\t\t\t\t\t<\/div>\n\t\t\t\t<\/div>\n\t\t<div class=\"elementor-element elementor-element-7a72383 e-flex e-con-boxed e-con e-child\" data-id=\"7a72383\" data-element_type=\"container\">\n\t\t\t\t\t<div class=\"e-con-inner\">\n\t\t\t\t<div class=\"elementor-element elementor-element-217553d elementor-widget elementor-widget-image\" data-id=\"217553d\" data-element_type=\"widget\" data-widget_type=\"image.default\">\n\t\t\t\t<div class=\"elementor-widget-container\">\n\t\t\t\t\t\t\t\t\t\t\t\t\t<img decoding=\"async\" width=\"280\" height=\"180\" src=\"https:\/\/alabellecrea.fr\/wp-content\/uploads\/2023\/11\/logo2.png\" class=\"attachment-large size-large wp-image-688\" alt=\"\" \/>\t\t\t\t\t\t\t\t\t\t\t\t\t<\/div>\n\t\t\t\t<\/div>\n\t\t\t\t\t<\/div>\n\t\t\t\t<\/div>\n\t\t\t\t<\/div>\n\t\t\t\t\t<\/div>\n\t\t\t\t<\/div>\n\t\t<div class=\"elementor-element elementor-element-47b00af e-flex e-con-boxed e-con e-parent\" data-id=\"47b00af\" data-element_type=\"container\">\n\t\t\t\t\t<div class=\"e-con-inner\">\n\t\t\t\t<div class=\"elementor-element elementor-element-1f9c476 elementor-widget elementor-widget-heading\" data-id=\"1f9c476\" data-element_type=\"widget\" data-widget_type=\"heading.default\">\n\t\t\t\t<div class=\"elementor-widget-container\">\n\t\t\t<h2 class=\"elementor-heading-title elementor-size-default\"><a href=\"https:\/\/www.la-spa.fr\/etablissement\/refuge-spa-de-laon-des-pres-de-longuevalle\/\"> protection animale SPA<\/a><\/h2>\t\t<\/div>\n\t\t\t\t<\/div>\n\t\t\t\t\t<\/div>\n\t\t\t\t<\/div>\n\t\t<div class=\"elementor-element elementor-element-680e46b e-flex e-con-boxed e-con e-parent\" data-id=\"680e46b\" data-element_type=\"container\">\n\t\t\t\t\t<div class=\"e-con-inner\">\n\t\t<div class=\"elementor-element elementor-element-3ad9482 e-con-full e-flex e-con e-child\" data-id=\"3ad9482\" data-element_type=\"container\">\n\t\t\t\t<div class=\"elementor-element elementor-element-b73debd elementor-widget elementor-widget-text-editor\" data-id=\"b73debd\" data-element_type=\"widget\" data-widget_type=\"text-editor.default\">\n\t\t\t\t<div class=\"elementor-widget-container\">\n\t\t\t\t\t\t\t<p><strong>La Soci\u00e9t\u00e9 Protectrice des Animaux (<a href=\"https:\/\/www.la-spa.fr\/etablissement\/refuge-spa-de-laon-des-pres-de-longuevalle\/\">SPA<\/a>) : Pour une cause animale noble&#8230; la protection animale<br \/><\/strong><\/p><p><strong>La Soci\u00e9t\u00e9 Protectrice des Animaux (<a href=\"https:\/\/www.la-spa.fr\/etablissement\/refuge-spa-de-laon-des-pres-de-longuevalle\/\">SPA<\/a>)<\/strong> est une organisation d\u00e9di\u00e9e \u00e0 la protection animal et au bien-\u00eatre des animaux en France. Fond\u00e9e en 1845, la <a href=\"https:\/\/www.la-spa.fr\/etablissement\/refuge-spa-de-laon-des-pres-de-longuevalle\/\"><strong>SPA<\/strong><\/a> travaille pour pr\u00e9venir la souffrance animale, secourir les animaux maltrait\u00e9s, les soigner, les h\u00e9berger, et favoriser leur adoption dans des foyers aimants. Ainsi l&#8217;association d\u00e9fend les droits des animaux, m\u00e8ne des campagnes de sensibilisation, et g\u00e8re des refuges pour offrir une seconde chance aux animaux abandonn\u00e9s. C&#8217;est pourquoi la <a href=\"https:\/\/www.la-spa.fr\/etablissement\/refuge-spa-de-laon-des-pres-de-longuevalle\/\"><strong>SPA <\/strong><\/a>joue un r\u00f4le essentiel dans la promotion de l&#8217;amour et du respect envers les animaux, tout en luttant contre la maltraitance et la n\u00e9gligence.<\/p><p><a href=\"https:\/\/www.la-spa.fr\/\">https:\/\/www.la-spa.fr<\/a><\/p>\t\t\t\t\t\t<\/div>\n\t\t\t\t<\/div>\n\t\t\t\t<\/div>\n\t\t<div class=\"elementor-element elementor-element-725be40 e-con-full e-flex e-con e-child\" data-id=\"725be40\" data-element_type=\"container\">\n\t\t<div class=\"elementor-element elementor-element-421f507 e-flex e-con-boxed e-con e-child\" data-id=\"421f507\" data-element_type=\"container\">\n\t\t\t\t\t<div class=\"e-con-inner\">\n\t\t\t\t<div class=\"elementor-element elementor-element-c610a09 elementor-widget elementor-widget-image\" data-id=\"c610a09\" data-element_type=\"widget\" data-widget_type=\"image.default\">\n\t\t\t\t<div class=\"elementor-widget-container\">\n\t\t\t\t\t\t\t\t\t\t\t\t\t<img decoding=\"async\" width=\"303\" height=\"166\" src=\"https:\/\/alabellecrea.fr\/wp-content\/uploads\/2023\/11\/logo-spa.png\" class=\"attachment-large size-large wp-image-710\" alt=\"\" srcset=\"https:\/\/alabellecrea.fr\/wp-content\/uploads\/2023\/11\/logo-spa.png 303w, https:\/\/alabellecrea.fr\/wp-content\/uploads\/2023\/11\/logo-spa-300x164.png 300w\" sizes=\"(max-width: 303px) 100vw, 303px\" \/>\t\t\t\t\t\t\t\t\t\t\t\t\t<\/div>\n\t\t\t\t<\/div>\n\t\t\t\t\t<\/div>\n\t\t\t\t<\/div>\n\t\t<div class=\"elementor-element elementor-element-ca76195 e-flex e-con-boxed e-con e-child\" data-id=\"ca76195\" data-element_type=\"container\">\n\t\t\t\t\t<div class=\"e-con-inner\">\n\t\t\t\t<div class=\"elementor-element elementor-element-e7850e8 elementor-widget elementor-widget-image\" data-id=\"e7850e8\" data-element_type=\"widget\" data-widget_type=\"image.default\">\n\t\t\t\t<div class=\"elementor-widget-container\">\n\t\t\t\t\t\t\t\t\t\t\t\t\t<img loading=\"lazy\" decoding=\"async\" width=\"169\" height=\"300\" src=\"https:\/\/alabellecrea.fr\/wp-content\/uploads\/2023\/11\/20220812_203207-169x300.jpg\" class=\"attachment-medium size-medium wp-image-702\" alt=\"\" srcset=\"https:\/\/alabellecrea.fr\/wp-content\/uploads\/2023\/11\/20220812_203207-169x300.jpg 169w, https:\/\/alabellecrea.fr\/wp-content\/uploads\/2023\/11\/20220812_203207-576x1024.jpg 576w, https:\/\/alabellecrea.fr\/wp-content\/uploads\/2023\/11\/20220812_203207-768x1365.jpg 768w, https:\/\/alabellecrea.fr\/wp-content\/uploads\/2023\/11\/20220812_203207-864x1536.jpg 864w, https:\/\/alabellecrea.fr\/wp-content\/uploads\/2023\/11\/20220812_203207-1152x2048.jpg 1152w, https:\/\/alabellecrea.fr\/wp-content\/uploads\/2023\/11\/20220812_203207-scaled.jpg 1440w\" sizes=\"(max-width: 169px) 100vw, 169px\" \/>\t\t\t\t\t\t\t\t\t\t\t\t\t<\/div>\n\t\t\t\t<\/div>\n\t\t\t\t\t<\/div>\n\t\t\t\t<\/div>\n\t\t\t\t<\/div>\n\t\t\t\t\t<\/div>\n\t\t\t\t<\/div>\n\t\t\t\t<\/div>\n\t\t","protected":false},"excerpt":{"rendered":"<p>Actions humanitaires et protection animale. Partagez l&#8217;amour, partagez l&#8217;espoir : Choisissez votre cause \u00a0A La Belle cr\u00e9a, je crois en la puissance de la solidarit\u00e9 et du partage. Ainsi vous pourrez apporter un changement positif dans le monde qui nous entoure. C&#8217;est pourquoi je suis fi\u00e8re de vous donner l&#8217;opportunit\u00e9 de choisir une cause qui [&hellip;]<\/p>\n","protected":false},"author":1,"featured_media":0,"parent":0,"menu_order":0,"comment_status":"closed","ping_status":"closed","template":"","meta":{"_monsterinsights_skip_tracking":false,"_monsterinsights_sitenote_active":false,"_monsterinsights_sitenote_note":"","_monsterinsights_sitenote_category":0,"footnotes":""},"yoast_head":"<!-- This site is optimized with the Yoast SEO plugin v22.0 - https:\/\/yoast.com\/wordpress\/plugins\/seo\/ -->\n<title>Associations - alabellecrea.fr<\/title>\n<meta name=\"description\" content=\"Soutenez le Secours Populaire et la SPA. Actions humanitaires et la protection animale. Faites une diff\u00e9rence d\u00e8s aujourd&#039;hui.\" \/>\n<meta name=\"robots\" content=\"index, follow, max-snippet:-1, max-image-preview:large, max-video-preview:-1\" \/>\n<link rel=\"canonical\" href=\"https:\/\/alabellecrea.fr\/?page_id=293\" \/>\n<meta property=\"og:locale\" content=\"en_US\" \/>\n<meta property=\"og:type\" content=\"article\" \/>\n<meta property=\"og:title\" content=\"Associations - alabellecrea.fr\" \/>\n<meta property=\"og:description\" content=\"Soutenez le Secours Populaire et la SPA. Actions humanitaires et la protection animale. Faites une diff\u00e9rence d\u00e8s aujourd&#039;hui.\" \/>\n<meta property=\"og:url\" content=\"https:\/\/alabellecrea.fr\/?page_id=293\" \/>\n<meta property=\"og:site_name\" content=\"alabellecrea.fr\" \/>\n<meta property=\"article:modified_time\" content=\"2024-07-31T17:19:56+00:00\" \/>\n<meta property=\"og:image\" content=\"http:\/\/alabellecrea.fr\/wp-content\/uploads\/2023\/11\/stand-secours-populaire.jpg\" \/>\n<meta name=\"twitter:card\" content=\"summary_large_image\" \/>\n<meta name=\"twitter:label1\" content=\"Est. reading time\" \/>\n\t<meta name=\"twitter:data1\" content=\"3 minutes\" \/>\n<script type=\"application\/ld+json\" class=\"yoast-schema-graph\">{\"@context\":\"https:\/\/schema.org\",\"@graph\":[{\"@type\":\"WebPage\",\"@id\":\"https:\/\/alabellecrea.fr\/?page_id=293\",\"url\":\"https:\/\/alabellecrea.fr\/?page_id=293\",\"name\":\"Associations - alabellecrea.fr\",\"isPartOf\":{\"@id\":\"https:\/\/alabellecrea.fr\/#website\"},\"datePublished\":\"2023-11-15T16:54:17+00:00\",\"dateModified\":\"2024-07-31T17:19:56+00:00\",\"description\":\"Soutenez le Secours Populaire et la SPA. Actions humanitaires et la protection animale. Faites une diff\u00e9rence d\u00e8s aujourd'hui.\",\"breadcrumb\":{\"@id\":\"https:\/\/alabellecrea.fr\/?page_id=293#breadcrumb\"},\"inLanguage\":\"en-US\",\"potentialAction\":[{\"@type\":\"ReadAction\",\"target\":[\"https:\/\/alabellecrea.fr\/?page_id=293\"]}]},{\"@type\":\"BreadcrumbList\",\"@id\":\"https:\/\/alabellecrea.fr\/?page_id=293#breadcrumb\",\"itemListElement\":[{\"@type\":\"ListItem\",\"position\":1,\"name\":\"Accueil\",\"item\":\"https:\/\/alabellecrea.fr\/\"},{\"@type\":\"ListItem\",\"position\":2,\"name\":\"Associations\"}]},{\"@type\":\"WebSite\",\"@id\":\"https:\/\/alabellecrea.fr\/#website\",\"url\":\"https:\/\/alabellecrea.fr\/\",\"name\":\"alabellecrea.fr\",\"description\":\"\",\"publisher\":{\"@id\":\"https:\/\/alabellecrea.fr\/#organization\"},\"potentialAction\":[{\"@type\":\"SearchAction\",\"target\":{\"@type\":\"EntryPoint\",\"urlTemplate\":\"https:\/\/alabellecrea.fr\/?s={search_term_string}\"},\"query-input\":\"required name=search_term_string\"}],\"inLanguage\":\"en-US\"},{\"@type\":\"Organization\",\"@id\":\"https:\/\/alabellecrea.fr\/#organization\",\"name\":\"alabellecrea.fr\",\"url\":\"https:\/\/alabellecrea.fr\/\",\"logo\":{\"@type\":\"ImageObject\",\"inLanguage\":\"en-US\",\"@id\":\"https:\/\/alabellecrea.fr\/#\/schema\/logo\/image\/\",\"url\":\"https:\/\/alabellecrea.fr\/wp-content\/uploads\/2023\/11\/Logo-500x500-px-26_after-1.jpeg\",\"contentUrl\":\"https:\/\/alabellecrea.fr\/wp-content\/uploads\/2023\/11\/Logo-500x500-px-26_after-1.jpeg\",\"width\":1000,\"height\":1000,\"caption\":\"alabellecrea.fr\"},\"image\":{\"@id\":\"https:\/\/alabellecrea.fr\/#\/schema\/logo\/image\/\"}}]}<\/script>\n<!-- \/ Yoast SEO plugin. -->","yoast_head_json":{"title":"Associations - alabellecrea.fr","description":"Soutenez le Secours Populaire et la SPA. Actions humanitaires et la protection animale. Faites une diff\u00e9rence d\u00e8s aujourd'hui.","robots":{"index":"index","follow":"follow","max-snippet":"max-snippet:-1","max-image-preview":"max-image-preview:large","max-video-preview":"max-video-preview:-1"},"canonical":"https:\/\/alabellecrea.fr\/?page_id=293","og_locale":"en_US","og_type":"article","og_title":"Associations - alabellecrea.fr","og_description":"Soutenez le Secours Populaire et la SPA. Actions humanitaires et la protection animale. Faites une diff\u00e9rence d\u00e8s aujourd'hui.","og_url":"https:\/\/alabellecrea.fr\/?page_id=293","og_site_name":"alabellecrea.fr","article_modified_time":"2024-07-31T17:19:56+00:00","og_image":[{"url":"http:\/\/alabellecrea.fr\/wp-content\/uploads\/2023\/11\/stand-secours-populaire.jpg"}],"twitter_card":"summary_large_image","twitter_misc":{"Est. reading time":"3 minutes"},"schema":{"@context":"https:\/\/schema.org","@graph":[{"@type":"WebPage","@id":"https:\/\/alabellecrea.fr\/?page_id=293","url":"https:\/\/alabellecrea.fr\/?page_id=293","name":"Associations - alabellecrea.fr","isPartOf":{"@id":"https:\/\/alabellecrea.fr\/#website"},"datePublished":"2023-11-15T16:54:17+00:00","dateModified":"2024-07-31T17:19:56+00:00","description":"Soutenez le Secours Populaire et la SPA. Actions humanitaires et la protection animale. Faites une diff\u00e9rence d\u00e8s aujourd'hui.","breadcrumb":{"@id":"https:\/\/alabellecrea.fr\/?page_id=293#breadcrumb"},"inLanguage":"en-US","potentialAction":[{"@type":"ReadAction","target":["https:\/\/alabellecrea.fr\/?page_id=293"]}]},{"@type":"BreadcrumbList","@id":"https:\/\/alabellecrea.fr\/?page_id=293#breadcrumb","itemListElement":[{"@type":"ListItem","position":1,"name":"Accueil","item":"https:\/\/alabellecrea.fr\/"},{"@type":"ListItem","position":2,"name":"Associations"}]},{"@type":"WebSite","@id":"https:\/\/alabellecrea.fr\/#website","url":"https:\/\/alabellecrea.fr\/","name":"alabellecrea.fr","description":"","publisher":{"@id":"https:\/\/alabellecrea.fr\/#organization"},"potentialAction":[{"@type":"SearchAction","target":{"@type":"EntryPoint","urlTemplate":"https:\/\/alabellecrea.fr\/?s={search_term_string}"},"query-input":"required name=search_term_string"}],"inLanguage":"en-US"},{"@type":"Organization","@id":"https:\/\/alabellecrea.fr\/#organization","name":"alabellecrea.fr","url":"https:\/\/alabellecrea.fr\/","logo":{"@type":"ImageObject","inLanguage":"en-US","@id":"https:\/\/alabellecrea.fr\/#\/schema\/logo\/image\/","url":"https:\/\/alabellecrea.fr\/wp-content\/uploads\/2023\/11\/Logo-500x500-px-26_after-1.jpeg","contentUrl":"https:\/\/alabellecrea.fr\/wp-content\/uploads\/2023\/11\/Logo-500x500-px-26_after-1.jpeg","width":1000,"height":1000,"caption":"alabellecrea.fr"},"image":{"@id":"https:\/\/alabellecrea.fr\/#\/schema\/logo\/image\/"}}]}},"_links":{"self":[{"href":"https:\/\/alabellecrea.fr\/index.php?rest_route=\/wp\/v2\/pages\/293"}],"collection":[{"href":"https:\/\/alabellecrea.fr\/index.php?rest_route=\/wp\/v2\/pages"}],"about":[{"href":"https:\/\/alabellecrea.fr\/index.php?rest_route=\/wp\/v2\/types\/page"}],"author":[{"embeddable":true,"href":"https:\/\/alabellecrea.fr\/index.php?rest_route=\/wp\/v2\/users\/1"}],"replies":[{"embeddable":true,"href":"https:\/\/alabellecrea.fr\/index.php?rest_route=%2Fwp%2Fv2%2Fcomments&post=293"}],"version-history":[{"count":118,"href":"https:\/\/alabellecrea.fr\/index.php?rest_route=\/wp\/v2\/pages\/293\/revisions"}],"predecessor-version":[{"id":2187,"href":"https:\/\/alabellecrea.fr\/index.php?rest_route=\/wp\/v2\/pages\/293\/revisions\/2187"}],"wp:attachment":[{"href":"https:\/\/alabellecrea.fr\/index.php?rest_route=%2Fwp%2Fv2%2Fmedia&parent=293"}],"curies":[{"name":"wp","href":"https:\/\/api.w.org\/{rel}","templated":true}]}}