{"id":286,"date":"2023-11-15T17:40:13","date_gmt":"2023-11-15T16:40:13","guid":{"rendered":"https:\/\/alabellecrea.fr\/?page_id=286"},"modified":"2024-07-31T19:21:46","modified_gmt":"2024-07-31T17:21:46","slug":"hommage","status":"publish","type":"page","link":"https:\/\/alabellecrea.fr\/?page_id=286","title":{"rendered":"Hommage"},"content":{"rendered":"\t\t<div data-elementor-type=\"wp-page\" data-elementor-id=\"286\" class=\"elementor elementor-286\">\n\t\t\t\t<div class=\"elementor-element elementor-element-d57f10d e-flex e-con-boxed e-con e-parent\" data-id=\"d57f10d\" data-element_type=\"container\">\n\t\t\t\t\t<div class=\"e-con-inner\">\n\t\t\t\t<div class=\"elementor-element elementor-element-a6d2256 elementor-invisible elementor-widget elementor-widget-text-editor\" data-id=\"a6d2256\" data-element_type=\"widget\" data-settings=\"{&quot;_animation&quot;:&quot;rotateIn&quot;}\" data-widget_type=\"text-editor.default\">\n\t\t\t\t<div class=\"elementor-widget-container\">\n\t\t\t<style>\/*! elementor - v3.21.0 - 22-05-2024 *\/\n.elementor-widget-text-editor.elementor-drop-cap-view-stacked .elementor-drop-cap{background-color:#69727d;color:#fff}.elementor-widget-text-editor.elementor-drop-cap-view-framed .elementor-drop-cap{color:#69727d;border:3px solid;background-color:transparent}.elementor-widget-text-editor:not(.elementor-drop-cap-view-default) .elementor-drop-cap{margin-top:8px}.elementor-widget-text-editor:not(.elementor-drop-cap-view-default) .elementor-drop-cap-letter{width:1em;height:1em}.elementor-widget-text-editor .elementor-drop-cap{float:left;text-align:center;line-height:1;font-size:50px}.elementor-widget-text-editor .elementor-drop-cap-letter{display:inline-block}<\/style>\t\t\t\t<p><strong>En m\u00e9moire \u00e0 ma copine Vero \u00a0: Une Amiti\u00e9 de 25 ans<\/strong><\/p>\t\t\t\t\t\t<\/div>\n\t\t\t\t<\/div>\n\t\t\t\t\t<\/div>\n\t\t\t\t<\/div>\n\t\t<div class=\"elementor-element elementor-element-58428a6 e-flex e-con-boxed e-con e-parent\" data-id=\"58428a6\" data-element_type=\"container\">\n\t\t\t\t\t<div class=\"e-con-inner\">\n\t\t<div class=\"elementor-element elementor-element-6db97b8 e-con-full e-flex e-con e-child\" data-id=\"6db97b8\" data-element_type=\"container\">\n\t\t\t\t<div class=\"elementor-element elementor-element-b0314e0 elementor-widget elementor-widget-image\" data-id=\"b0314e0\" data-element_type=\"widget\" data-widget_type=\"image.default\">\n\t\t\t\t<div class=\"elementor-widget-container\">\n\t\t\t<style>\/*! elementor - v3.21.0 - 22-05-2024 *\/\n.elementor-widget-image{text-align:center}.elementor-widget-image a{display:inline-block}.elementor-widget-image a img[src$=\".svg\"]{width:48px}.elementor-widget-image img{vertical-align:middle;display:inline-block}<\/style>\t\t\t\t\t\t\t\t\t\t<img decoding=\"async\" src=\"https:\/\/alabellecrea.fr\/wp-content\/uploads\/2023\/11\/photo-vero-2009-e1700391087908.jpg\" title=\"photo vero 2009\" alt=\"photo vero 2009\" loading=\"lazy\" \/>\t\t\t\t\t\t\t\t\t\t\t\t\t<\/div>\n\t\t\t\t<\/div>\n\t\t\t\t<\/div>\n\t\t<div class=\"elementor-element elementor-element-e1e33a3 e-con-full e-flex e-con e-child\" data-id=\"e1e33a3\" data-element_type=\"container\">\n\t\t\t\t<div class=\"elementor-element elementor-element-8e3e985 elementor-widget elementor-widget-text-editor\" data-id=\"8e3e985\" data-element_type=\"widget\" data-widget_type=\"text-editor.default\">\n\t\t\t\t<div class=\"elementor-widget-container\">\n\t\t\t\t\t\t\t<p>\u00a0 \u00a0 \u00a0 \u00a0 \u00a0 \u00a0 \u00a0 \u00a0 \u00a0 \u00a0 \u00a0 \u00a0 \u00a0 \u00a0 \u00a0 \u00a0 \u00a0 \u00a0 \u00a0 \u00a0 \u00a0 \u00a0 \u00a0 \u00a0 \u00a0 Hommage<\/p><p>\u00a0 La vie ne tient qu&#8217;\u00e0 un fil&#8230;<\/p><p>C&#8217;est une r\u00e9alit\u00e9 que nous avons apprise \u00e0 travers notre amiti\u00e9 exceptionnelle. Elle a dur\u00e9 un quart de si\u00e8cle. Mon amiti\u00e9 pr\u00e9cieuse avec vero \u00e9tait un fil inestimable qui a travers\u00e9 le temps&#8230; Les rires, les larmes, et toutes les aventures de \u00a0la vie.<\/p><p>\u00a0\u00a0 La lumi\u00e8re&#8230;.<\/p><p>\u00a0\u00a0 Elle \u00e9tait une \u00e2me lumineuse qui a enrichi nos vies de sa joie ainsi que sa gentillesse et de son amour inconditionnel. \u00c0 travers les hauts et les bas, elle a donc \u00e9t\u00e9 le pilier de cette amiti\u00e9. Apportant toujours son sourire chaleureux et son soutien.<\/p><p>\u00a0 De courage et de gr\u00e2ce&#8230;<\/p><p>\u00a0\u00a0 Par ailleurs son parcours \u00e9tait un rappel constant que la vie est pr\u00e9cieuse. Qu&#8217;elle peut \u00eatre fragile, mais aussi qu&#8217;elle peut \u00eatre incroyablement belle. En cons\u00e9quence Vero vivait chaque instant comme un cadeau. Malgr\u00e9 les temp\u00eates de la vie et aussi la maladie qui a crois\u00e9 son chemin plus d\u2019une fois. Elle a \u00e9t\u00e9 un exemple de courage et de gr\u00e2ce. Elle portait toujours un beau sourire, m\u00eame lorsqu&#8217;elle traversait des moments sombres. Son attitude positive et son amour de la vie \u00e9taient contagieux. Elle nous rappelait donc que la lumi\u00e8re peut briller m\u00eame dans les moments les plus sombres.<\/p><p>\u00a0\u00a0 La beaut\u00e9&#8230;<\/p><p>\u00a0\u00a0 Autant dire qu&#8217;elle a \u00e9t\u00e9 le reflet de la v\u00e9ritable beaut\u00e9. Celle qui r\u00e9side dans le c\u0153ur, la gentillesse et la g\u00e9n\u00e9rosit\u00e9 envers les autres. Ma copine a montr\u00e9 que la beaut\u00e9 peut \u00eatre trouv\u00e9e dans les gestes les plus simples. Dans la capacit\u00e9 de r\u00e9pandre de la joie, m\u00eame lorsque la maladie fait rage.<\/p><p>\u00a0 Une \u00e9toile&#8230;<\/p><p>\u00a0\u00a0 De ce fait son souvenir continue de briller comme une \u00e9toile dans notre univers. Ainsi nous inspirant \u00e0 cr\u00e9er avec amour, \u00e0 r\u00e9pandre la joie, et \u00e0 embrasser la beaut\u00e9 dans tous les aspects de la vie. Avec la cr\u00e9ation de ce site et de ALBC,\u00a0 j\u2019honore la m\u00e9moire de ma copine V\u00e9ronique. Tout en continuant \u00e0 cr\u00e9er avec passion et en partageant mon art avec le monde.<\/p><p>\u00a0 Le coeur&#8230;<\/p><p>\u00a0\u00a0 Une partie de cette lumi\u00e8re provenait aussi de l&#8217;amour de sa fille Gwen. Et de ses petits-enfants, en particulier de L\u00e9o. Il \u00e9tait le c\u0153ur qui battait au rythme de son existence. Par cons\u00e9quent la source de joie qui illuminait ses journ\u00e9es. L&#8217;amour inconditionnel et la complicit\u00e9 partag\u00e9e avec L\u00e9o ont \u00e9t\u00e9 un tr\u00e9sor pr\u00e9cieux dans sa vie.<\/p><p>\u00a0 Les gardiennes du bonheur&#8230;<\/p><p>\u00a0\u00a0 Nad\u00e8ge S\u00e9verine et Lydie ont \u00e9t\u00e9 bien plus que des s\u0153urs. Elles ont \u00e9t\u00e9 des gardiennes de la joie et du bonheur. Elles ont partag\u00e9 les rires, essuy\u00e9 les larmes, et offert un soutien in\u00e9branlable. Leur pr\u00e9sence a aussi \u00e9t\u00e9 une source de r\u00e9confort et de force. Permettant \u00e0 V\u00e9ro de conserver son sourire jusqu&#8217;\u00e0 la fin.<\/p><p>\u00a0 H\u00e9ritage d&#8217;amour&#8230;<\/p><p>\u00a0\u00a0 Toutefois son d\u00e9part laisse un vide immense dans nos vies. Mais son h\u00e9ritage d&#8217;amour, d&#8217;optimisme et d&#8217;amiti\u00e9 durable perdure dans nos c\u0153urs. Ce site est d\u00e9di\u00e9 \u00e0 ma copine. Ainsi qu&#8217; \u00e0 son esprit inspirant et \u00e0 la le\u00e7on de vie qu&#8217;elle nous a enseign\u00e9e : que l&#8217;amiti\u00e9 peut \u00eatre un fil indestructible, capable de relier les \u00e2mes pour l&#8217;\u00e9ternit\u00e9 et que finalement la vie ne tient qu\u2019\u00e0 un fil\u2026<\/p><p>\u00a0\u00a0\u00a0\u00a0\u00a0\u00a0\u00a0\u00a0\u00a0\u00a0\u00a0\u00a0\u00a0\u00a0\u00a0\u00a0\u00a0\u00a0\u00a0\u00a0\u00a0\u00a0\u00a0\u00a0\u00a0\u00a0\u00a0\u00a0\u00a0\u00a0\u00a0\u00a0\u00a0\u00a0\u00a0\u00a0\u00a0\u00a0\u00a0\u00a0 Avec tout mon amour copine,<\/p><p>\u00a0\u00a0\u00a0\u00a0\u00a0\u00a0\u00a0\u00a0\u00a0\u00a0\u00a0\u00a0\u00a0\u00a0\u00a0\u00a0\u00a0\u00a0\u00a0\u00a0\u00a0\u00a0\u00a0\u00a0\u00a0\u00a0 Bout\u2019chou (comme elle aimait m\u2019appeler avec tendresse)<\/p><p>&#8220;L&#8217;amiti\u00e9 double les joies et r\u00e9duit de moiti\u00e9 les peines.&#8221; &#8211; Francis Bacon<\/p><p>&#8220;Hommage \u00e0 ceux qui nous quittent mais restent \u00e0 jamais dans nos c\u0153urs.&#8221;<\/p><p>L&#8217;amiti\u00e9 est le plus bel hommage que nous puissions rendre \u00e0 ceux qui ont touch\u00e9 nos vies.<\/p><p><a href=\"https:\/\/www.canva.com\/fr_fr\/citations\/amitie\/\">https:\/\/www.canva.com\/fr_fr\/citations\/amitie\/<\/a><\/p><p><a href=\"https:\/\/alabellecrea.fr\/wp-admin\/post.php?post=993&amp;action=elementor\">https:\/\/alabellecrea.fr\/wp-admin\/post.php?post=993&amp;action=elementor<\/a><\/p>\t\t\t\t\t\t<\/div>\n\t\t\t\t<\/div>\n\t\t\t\t<\/div>\n\t\t\t\t\t<\/div>\n\t\t\t\t<\/div>\n\t\t<div class=\"elementor-element elementor-element-56ccc93 e-flex e-con-boxed e-con e-parent\" data-id=\"56ccc93\" data-element_type=\"container\">\n\t\t\t\t\t<div class=\"e-con-inner\">\n\t\t\t\t<div class=\"elementor-element elementor-element-90e3fb8 elementor-widget elementor-widget-heading\" data-id=\"90e3fb8\" data-element_type=\"widget\" data-widget_type=\"heading.default\">\n\t\t\t\t<div class=\"elementor-widget-container\">\n\t\t\t<style>\/*! elementor - v3.21.0 - 22-05-2024 *\/\n.elementor-heading-title{padding:0;margin:0;line-height:1}.elementor-widget-heading .elementor-heading-title[class*=elementor-size-]>a{color:inherit;font-size:inherit;line-height:inherit}.elementor-widget-heading .elementor-heading-title.elementor-size-small{font-size:15px}.elementor-widget-heading .elementor-heading-title.elementor-size-medium{font-size:19px}.elementor-widget-heading .elementor-heading-title.elementor-size-large{font-size:29px}.elementor-widget-heading .elementor-heading-title.elementor-size-xl{font-size:39px}.elementor-widget-heading .elementor-heading-title.elementor-size-xxl{font-size:59px}<\/style><h2 class=\"elementor-heading-title elementor-size-default\">La vie ne tient qu'\u00e0 un fil<\/h2>\t\t<\/div>\n\t\t\t\t<\/div>\n\t\t\t\t\t<\/div>\n\t\t\t\t<\/div>\n\t\t\t\t<\/div>\n\t\t","protected":false},"excerpt":{"rendered":"<p>En m\u00e9moire \u00e0 ma copine Vero \u00a0: Une Amiti\u00e9 de 25 ans \u00a0 \u00a0 \u00a0 \u00a0 \u00a0 \u00a0 \u00a0 \u00a0 \u00a0 \u00a0 \u00a0 \u00a0 \u00a0 \u00a0 \u00a0 \u00a0 \u00a0 \u00a0 \u00a0 \u00a0 \u00a0 \u00a0 \u00a0 \u00a0 \u00a0 Hommage \u00a0 La vie ne tient qu&#8217;\u00e0 un fil&#8230; C&#8217;est une r\u00e9alit\u00e9 que nous avons apprise \u00e0 travers [&hellip;]<\/p>\n","protected":false},"author":1,"featured_media":0,"parent":0,"menu_order":0,"comment_status":"closed","ping_status":"closed","template":"","meta":{"_monsterinsights_skip_tracking":false,"_monsterinsights_sitenote_active":false,"_monsterinsights_sitenote_note":"","_monsterinsights_sitenote_category":0,"footnotes":""},"yoast_head":"<!-- This site is optimized with the Yoast SEO plugin v22.0 - https:\/\/yoast.com\/wordpress\/plugins\/seo\/ -->\n<title>Hommage - alabellecrea.fr<\/title>\n<meta name=\"description\" content=\"Un hommage \u00e9mouvant \u00e0 ma copine ador\u00e9e. Explorez nos souvenirs, notre amour \u00e9ternel et son impact inoubliable sur nos vies.\" \/>\n<meta name=\"robots\" content=\"index, follow, max-snippet:-1, max-image-preview:large, max-video-preview:-1\" \/>\n<link rel=\"canonical\" href=\"https:\/\/alabellecrea.fr\/?page_id=286\" \/>\n<meta property=\"og:locale\" content=\"en_US\" \/>\n<meta property=\"og:type\" content=\"article\" \/>\n<meta property=\"og:title\" content=\"Hommage - alabellecrea.fr\" \/>\n<meta property=\"og:description\" content=\"Un hommage \u00e9mouvant \u00e0 ma copine ador\u00e9e. Explorez nos souvenirs, notre amour \u00e9ternel et son impact inoubliable sur nos vies.\" \/>\n<meta property=\"og:url\" content=\"https:\/\/alabellecrea.fr\/?page_id=286\" \/>\n<meta property=\"og:site_name\" content=\"alabellecrea.fr\" \/>\n<meta property=\"article:modified_time\" content=\"2024-07-31T17:21:46+00:00\" \/>\n<meta property=\"og:image\" content=\"http:\/\/alabellecrea.fr\/wp-content\/uploads\/2023\/11\/photo-vero-2009-e1700391087908.jpg\" \/>\n<meta name=\"twitter:card\" content=\"summary_large_image\" \/>\n<meta name=\"twitter:label1\" content=\"Est. reading time\" \/>\n\t<meta name=\"twitter:data1\" content=\"4 minutes\" \/>\n<script type=\"application\/ld+json\" class=\"yoast-schema-graph\">{\"@context\":\"https:\/\/schema.org\",\"@graph\":[{\"@type\":\"WebPage\",\"@id\":\"https:\/\/alabellecrea.fr\/?page_id=286\",\"url\":\"https:\/\/alabellecrea.fr\/?page_id=286\",\"name\":\"Hommage - alabellecrea.fr\",\"isPartOf\":{\"@id\":\"https:\/\/alabellecrea.fr\/#website\"},\"datePublished\":\"2023-11-15T16:40:13+00:00\",\"dateModified\":\"2024-07-31T17:21:46+00:00\",\"description\":\"Un hommage \u00e9mouvant \u00e0 ma copine ador\u00e9e. Explorez nos souvenirs, notre amour \u00e9ternel et son impact inoubliable sur nos vies.\",\"breadcrumb\":{\"@id\":\"https:\/\/alabellecrea.fr\/?page_id=286#breadcrumb\"},\"inLanguage\":\"en-US\",\"potentialAction\":[{\"@type\":\"ReadAction\",\"target\":[\"https:\/\/alabellecrea.fr\/?page_id=286\"]}]},{\"@type\":\"BreadcrumbList\",\"@id\":\"https:\/\/alabellecrea.fr\/?page_id=286#breadcrumb\",\"itemListElement\":[{\"@type\":\"ListItem\",\"position\":1,\"name\":\"Accueil\",\"item\":\"https:\/\/alabellecrea.fr\/\"},{\"@type\":\"ListItem\",\"position\":2,\"name\":\"Hommage\"}]},{\"@type\":\"WebSite\",\"@id\":\"https:\/\/alabellecrea.fr\/#website\",\"url\":\"https:\/\/alabellecrea.fr\/\",\"name\":\"alabellecrea.fr\",\"description\":\"\",\"publisher\":{\"@id\":\"https:\/\/alabellecrea.fr\/#organization\"},\"potentialAction\":[{\"@type\":\"SearchAction\",\"target\":{\"@type\":\"EntryPoint\",\"urlTemplate\":\"https:\/\/alabellecrea.fr\/?s={search_term_string}\"},\"query-input\":\"required name=search_term_string\"}],\"inLanguage\":\"en-US\"},{\"@type\":\"Organization\",\"@id\":\"https:\/\/alabellecrea.fr\/#organization\",\"name\":\"alabellecrea.fr\",\"url\":\"https:\/\/alabellecrea.fr\/\",\"logo\":{\"@type\":\"ImageObject\",\"inLanguage\":\"en-US\",\"@id\":\"https:\/\/alabellecrea.fr\/#\/schema\/logo\/image\/\",\"url\":\"https:\/\/alabellecrea.fr\/wp-content\/uploads\/2023\/11\/Logo-500x500-px-26_after-1.jpeg\",\"contentUrl\":\"https:\/\/alabellecrea.fr\/wp-content\/uploads\/2023\/11\/Logo-500x500-px-26_after-1.jpeg\",\"width\":1000,\"height\":1000,\"caption\":\"alabellecrea.fr\"},\"image\":{\"@id\":\"https:\/\/alabellecrea.fr\/#\/schema\/logo\/image\/\"}}]}<\/script>\n<!-- \/ Yoast SEO plugin. -->","yoast_head_json":{"title":"Hommage - alabellecrea.fr","description":"Un hommage \u00e9mouvant \u00e0 ma copine ador\u00e9e. Explorez nos souvenirs, notre amour \u00e9ternel et son impact inoubliable sur nos vies.","robots":{"index":"index","follow":"follow","max-snippet":"max-snippet:-1","max-image-preview":"max-image-preview:large","max-video-preview":"max-video-preview:-1"},"canonical":"https:\/\/alabellecrea.fr\/?page_id=286","og_locale":"en_US","og_type":"article","og_title":"Hommage - alabellecrea.fr","og_description":"Un hommage \u00e9mouvant \u00e0 ma copine ador\u00e9e. Explorez nos souvenirs, notre amour \u00e9ternel et son impact inoubliable sur nos vies.","og_url":"https:\/\/alabellecrea.fr\/?page_id=286","og_site_name":"alabellecrea.fr","article_modified_time":"2024-07-31T17:21:46+00:00","og_image":[{"url":"http:\/\/alabellecrea.fr\/wp-content\/uploads\/2023\/11\/photo-vero-2009-e1700391087908.jpg"}],"twitter_card":"summary_large_image","twitter_misc":{"Est. reading time":"4 minutes"},"schema":{"@context":"https:\/\/schema.org","@graph":[{"@type":"WebPage","@id":"https:\/\/alabellecrea.fr\/?page_id=286","url":"https:\/\/alabellecrea.fr\/?page_id=286","name":"Hommage - alabellecrea.fr","isPartOf":{"@id":"https:\/\/alabellecrea.fr\/#website"},"datePublished":"2023-11-15T16:40:13+00:00","dateModified":"2024-07-31T17:21:46+00:00","description":"Un hommage \u00e9mouvant \u00e0 ma copine ador\u00e9e. Explorez nos souvenirs, notre amour \u00e9ternel et son impact inoubliable sur nos vies.","breadcrumb":{"@id":"https:\/\/alabellecrea.fr\/?page_id=286#breadcrumb"},"inLanguage":"en-US","potentialAction":[{"@type":"ReadAction","target":["https:\/\/alabellecrea.fr\/?page_id=286"]}]},{"@type":"BreadcrumbList","@id":"https:\/\/alabellecrea.fr\/?page_id=286#breadcrumb","itemListElement":[{"@type":"ListItem","position":1,"name":"Accueil","item":"https:\/\/alabellecrea.fr\/"},{"@type":"ListItem","position":2,"name":"Hommage"}]},{"@type":"WebSite","@id":"https:\/\/alabellecrea.fr\/#website","url":"https:\/\/alabellecrea.fr\/","name":"alabellecrea.fr","description":"","publisher":{"@id":"https:\/\/alabellecrea.fr\/#organization"},"potentialAction":[{"@type":"SearchAction","target":{"@type":"EntryPoint","urlTemplate":"https:\/\/alabellecrea.fr\/?s={search_term_string}"},"query-input":"required name=search_term_string"}],"inLanguage":"en-US"},{"@type":"Organization","@id":"https:\/\/alabellecrea.fr\/#organization","name":"alabellecrea.fr","url":"https:\/\/alabellecrea.fr\/","logo":{"@type":"ImageObject","inLanguage":"en-US","@id":"https:\/\/alabellecrea.fr\/#\/schema\/logo\/image\/","url":"https:\/\/alabellecrea.fr\/wp-content\/uploads\/2023\/11\/Logo-500x500-px-26_after-1.jpeg","contentUrl":"https:\/\/alabellecrea.fr\/wp-content\/uploads\/2023\/11\/Logo-500x500-px-26_after-1.jpeg","width":1000,"height":1000,"caption":"alabellecrea.fr"},"image":{"@id":"https:\/\/alabellecrea.fr\/#\/schema\/logo\/image\/"}}]}},"_links":{"self":[{"href":"https:\/\/alabellecrea.fr\/index.php?rest_route=\/wp\/v2\/pages\/286"}],"collection":[{"href":"https:\/\/alabellecrea.fr\/index.php?rest_route=\/wp\/v2\/pages"}],"about":[{"href":"https:\/\/alabellecrea.fr\/index.php?rest_route=\/wp\/v2\/types\/page"}],"author":[{"embeddable":true,"href":"https:\/\/alabellecrea.fr\/index.php?rest_route=\/wp\/v2\/users\/1"}],"replies":[{"embeddable":true,"href":"https:\/\/alabellecrea.fr\/index.php?rest_route=%2Fwp%2Fv2%2Fcomments&post=286"}],"version-history":[{"count":60,"href":"https:\/\/alabellecrea.fr\/index.php?rest_route=\/wp\/v2\/pages\/286\/revisions"}],"predecessor-version":[{"id":2170,"href":"https:\/\/alabellecrea.fr\/index.php?rest_route=\/wp\/v2\/pages\/286\/revisions\/2170"}],"wp:attachment":[{"href":"https:\/\/alabellecrea.fr\/index.php?rest_route=%2Fwp%2Fv2%2Fmedia&parent=286"}],"curies":[{"name":"wp","href":"https:\/\/api.w.org\/{rel}","templated":true}]}}